{"id":141,"date":"2015-11-08T20:40:49","date_gmt":"2015-11-08T20:40:49","guid":{"rendered":"http:\/\/florasparing.com\/?page_id=141"},"modified":"2024-09-23T06:07:23","modified_gmt":"2024-09-23T06:07:23","slug":"index","status":"publish","type":"page","link":"https:\/\/florakoszeghy.com\/","title":{"rendered":"News"},"content":{"rendered":"<!-- wp:gallery {\"ids\":[2581],\"align\":\"center\r\n<div style=\"overflow:visible;height:80px;\">\u0110\u0103ng k\u00fd <a href=\"https:\/\/senmo-vay.com\/\">app Senmo<\/a> \u0111\u1ec3 nh\u1eadn ngay kho\u1ea3n vay mong mu\u1ed1n.<\/div>","protected":false},"excerpt":{"rendered":"","protected":false},"author":1,"featured_media":0,"parent":0,"menu_order":0,"comment_status":"closed","ping_status":"closed","template":"","meta":{"footnotes":""},"class_list":["post-141","page","type-page","status-publish","hentry","entry"],"_links":{"self":[{"href":"https:\/\/florakoszeghy.com\/index.php?rest_route=\/wp\/v2\/pages\/141"}],"collection":[{"href":"https:\/\/florakoszeghy.com\/index.php?rest_route=\/wp\/v2\/pages"}],"about":[{"href":"https:\/\/florakoszeghy.com\/index.php?rest_route=\/wp\/v2\/types\/page"}],"author":[{"embeddable":true,"href":"https:\/\/florakoszeghy.com\/index.php?rest_route=\/wp\/v2\/users\/1"}],"replies":[{"embeddable":true,"href":"https:\/\/florakoszeghy.com\/index.php?rest_route=%2Fwp%2Fv2%2Fcomments&post=141"}],"version-history":[{"count":86,"href":"https:\/\/florakoszeghy.com\/index.php?rest_route=\/wp\/v2\/pages\/141\/revisions"}],"predecessor-version":[{"id":3298,"href":"https:\/\/florakoszeghy.com\/index.php?rest_route=\/wp\/v2\/pages\/141\/revisions\/3298"}],"wp:attachment":[{"href":"https:\/\/florakoszeghy.com\/index.php?rest_route=%2Fwp%2Fv2%2Fmedia&parent=141"}],"curies":[{"name":"wp","href":"https:\/\/api.w.org\/{rel}","templated":true}]}}